{"id":2687,"date":"2026-03-05T16:31:17","date_gmt":"2026-03-05T19:31:17","guid":{"rendered":"https:\/\/weltviajes.tur.ar\/?post_type=product&#038;p=2687"},"modified":"2026-03-05T16:35:00","modified_gmt":"2026-03-05T19:35:00","slug":"salta-y-tilcara","status":"publish","type":"product","link":"https:\/\/weltviajes.tur.ar\/index.php\/product\/salta-y-tilcara\/","title":{"rendered":"SALTA y TILCARA"},"content":{"rendered":"<h3><span style=\"color: #0000ff\">RESERV\u00c1 YA Y CONGEL\u00c1 EL PRECIO: INVIERNO 2026<\/span><\/h3>\n<p><span style=\"color: #0000ff\"><strong>PREVENTA EXCLUSIVA: 3 CUOTAS SIN INTER\u00c9S* pagando en efectivo\/transferencia abonando la 1\u00b0 cuota antes del 31\/03 saldando el total antes del 10\/07<\/strong><\/span><\/p>\n<h3><span style=\"color: #33cccc\"><em>#SALTA y #TILCARA MARAVILLAS NORTE\u00d1AS<\/em><\/span><\/h3>\n<p>Podes adicionar excursiones en tu paquete antes de viajar y llegar a destino con todo planificado, consultanos!<br \/>\nPodemos ofrecerte <strong><span style=\"color: #0000ff\">3 CUOTAS SIN INTER\u00c9S*<\/span><\/strong> pagando en efectivo\/transferencia o el plan<span style=\"color: #0000ff\">\u00a0MiPyME**<\/span> para pagos con tarjeta en <span style=\"color: #0000ff\"><strong>3 y 6 CUOTAS FIJAS <\/strong><span style=\"color: #666699\">presencial\/online<\/span><\/span><\/p>\n<p><span style=\"color: #800080\"><strong>RECOMENDAMOS SIEMPRE ADICIONAR ASISTENCIA AL VIAJERO.<\/strong><\/span><\/p>\n<p><span style=\"color: #339966\"><strong>WhatsApp<\/strong><\/span> 11-4031-7728 | 11-5494-5026 | 11-5488-8184\u00a0 \u00a0<span style=\"color: #3366ff\"><strong>Email<\/strong><\/span> weltviajes@gmail.com<\/p>\n<p>&nbsp;<\/p>\n<pre>* 3 CUOTAS SIN INTER\u00c9S v\u00e1lido para pagos en efectivo y transferencia bancaria saldando antes de la fecha de salida\r\n** Plan CUOTA MiPyME v\u00e1lido para pagos con tarjetas VISA-MASTERCARD-AMERICAN EXPRESS de entidades bancarias en cuotas fijas<\/pre>\n","protected":false},"excerpt":{"rendered":"<p><strong>VACACIONES DE INVIERNO<br \/>\nSalida 19\/07<\/strong><\/p>\n<ul>\n<li>Bus MIX<\/li>\n<li>Traslados<\/li>\n<li>3 Noches SALTA + 2 Noches TILCARA<\/li>\n<li>Media Pensi\u00f3n<\/li>\n<li>Excursi\u00f3n incluida Quebrada de Humahuaca (Purmamarca \/ Cerro 7 Colores \/ Humahuaca)<\/li>\n<li>Coordinador permanente<\/li>\n<\/ul>\n<blockquote><p><span style=\"color: #800080\"><strong>Hotel Salta: CRILLON<br \/>\nHotel Tilcara: EL JARDIN<\/strong><\/span><\/p>\n<p><strong><span style=\"color: #0000ff\">$798.000.- <\/span><\/strong><em><span style=\"color: #0000ff\">Adicional cama $60.000.-<\/span><\/em><\/p><\/blockquote>\n<ul>\n<li>Excursiones opcionales: Cafayate \/ San Antonio de los Cobres con Bus o Tren de las Nubes \/ Cachi \/ Salinas Grandes \/ Iruya \/ Hornocal Cerro 14 Colores<\/li>\n<\/ul>\n<p><em style=\"text-align: right\">Tarifas por persona en base doble sujetas a disponibilidad y modificaci\u00f3n no incluyen $10.000 de gastos de reserva. <strong>PREVENTA<\/strong> 31\/03\/2026<br \/>\nSalidas desde varios puntos de zona sur, oeste, norte y m\u00e1s, consultanos.<\/em><\/p>\n","protected":false},"featured_media":2689,"comment_status":"closed","ping_status":"closed","template":"","meta":{"_et_pb_use_builder":"","_et_pb_old_content":"","_et_gb_content_width":""},"product_brand":[],"product_cat":[18,23],"product_tag":[],"class_list":{"0":"post-2687","1":"product","2":"type-product","3":"status-publish","4":"has-post-thumbnail","6":"product_cat-argentina","7":"product_cat-especiales","9":"first","10":"instock","11":"featured","12":"purchasable","13":"product-type-simple"},"yoast_head":"<!-- This site is optimized with the Yoast SEO plugin v26.5 - https:\/\/yoast.com\/wordpress\/plugins\/seo\/ -->\n<title>SALTA y TILCARA - Welt Viajes<\/title>\n<meta name=\"description\" content=\"Maravillas Norte\u00f1as: Un viaje al coraz\u00f3n de la tierra roja y el cielo infinito. Dejate cautivar por la magia ancestral del Norte Argentino, un destino donde el tiempo parece detenerse entre monta\u00f1as de siete colores, salares que desaf\u00edan la vista y pueblos que guardan sus tradiciones como tesoros. Este tour est\u00e1 dise\u00f1ado para quienes buscan una desconexi\u00f3n profunda y un encuentro genuino con la naturaleza y la cultura andina.\" \/>\n<meta name=\"robots\" content=\"index, follow, max-snippet:-1, max-image-preview:large, max-video-preview:-1\" \/>\n<link rel=\"canonical\" href=\"https:\/\/weltviajes.tur.ar\/index.php\/product\/salta-y-tilcara\/\" \/>\n<meta property=\"og:locale\" content=\"es_ES\" \/>\n<meta property=\"og:type\" content=\"article\" \/>\n<meta property=\"og:title\" content=\"SALTA y TILCARA - Welt Viajes\" \/>\n<meta property=\"og:description\" content=\"Maravillas Norte\u00f1as: Un viaje al coraz\u00f3n de la tierra roja y el cielo infinito. Dejate cautivar por la magia ancestral del Norte Argentino, un destino donde el tiempo parece detenerse entre monta\u00f1as de siete colores, salares que desaf\u00edan la vista y pueblos que guardan sus tradiciones como tesoros. Este tour est\u00e1 dise\u00f1ado para quienes buscan una desconexi\u00f3n profunda y un encuentro genuino con la naturaleza y la cultura andina.\" \/>\n<meta property=\"og:url\" content=\"https:\/\/weltviajes.tur.ar\/index.php\/product\/salta-y-tilcara\/\" \/>\n<meta property=\"og:site_name\" content=\"Welt Viajes\" \/>\n<meta property=\"article:modified_time\" content=\"2026-03-05T19:35:00+00:00\" \/>\n<meta property=\"og:image\" content=\"https:\/\/weltviajes.tur.ar\/wp-content\/uploads\/2026\/03\/Portada-Norte.jpeg\" \/>\n\t<meta property=\"og:image:width\" content=\"1080\" \/>\n\t<meta property=\"og:image:height\" content=\"1080\" \/>\n\t<meta property=\"og:image:type\" content=\"image\/jpeg\" \/>\n<meta name=\"twitter:card\" content=\"summary_large_image\" \/>\n<meta name=\"twitter:label1\" content=\"Tiempo de lectura\" \/>\n\t<meta name=\"twitter:data1\" content=\"1 minuto\" \/>\n<script type=\"application\/ld+json\" class=\"yoast-schema-graph\">{\"@context\":\"https:\/\/schema.org\",\"@graph\":[{\"@type\":\"WebPage\",\"@id\":\"https:\/\/weltviajes.tur.ar\/index.php\/product\/salta-y-tilcara\/\",\"url\":\"https:\/\/weltviajes.tur.ar\/index.php\/product\/salta-y-tilcara\/\",\"name\":\"SALTA y TILCARA - Welt Viajes\",\"isPartOf\":{\"@id\":\"https:\/\/weltviajes.tur.ar\/#website\"},\"primaryImageOfPage\":{\"@id\":\"https:\/\/weltviajes.tur.ar\/index.php\/product\/salta-y-tilcara\/#primaryimage\"},\"image\":{\"@id\":\"https:\/\/weltviajes.tur.ar\/index.php\/product\/salta-y-tilcara\/#primaryimage\"},\"thumbnailUrl\":\"https:\/\/weltviajes.tur.ar\/wp-content\/uploads\/2026\/03\/Portada-Norte.jpeg\",\"datePublished\":\"2026-03-05T19:31:17+00:00\",\"dateModified\":\"2026-03-05T19:35:00+00:00\",\"description\":\"Maravillas Norte\u00f1as: Un viaje al coraz\u00f3n de la tierra roja y el cielo infinito. Dejate cautivar por la magia ancestral del Norte Argentino, un destino donde el tiempo parece detenerse entre monta\u00f1as de siete colores, salares que desaf\u00edan la vista y pueblos que guardan sus tradiciones como tesoros. Este tour est\u00e1 dise\u00f1ado para quienes buscan una desconexi\u00f3n profunda y un encuentro genuino con la naturaleza y la cultura andina.\",\"breadcrumb\":{\"@id\":\"https:\/\/weltviajes.tur.ar\/index.php\/product\/salta-y-tilcara\/#breadcrumb\"},\"inLanguage\":\"es\",\"potentialAction\":[{\"@type\":\"ReadAction\",\"target\":[\"https:\/\/weltviajes.tur.ar\/index.php\/product\/salta-y-tilcara\/\"]}]},{\"@type\":\"ImageObject\",\"inLanguage\":\"es\",\"@id\":\"https:\/\/weltviajes.tur.ar\/index.php\/product\/salta-y-tilcara\/#primaryimage\",\"url\":\"https:\/\/weltviajes.tur.ar\/wp-content\/uploads\/2026\/03\/Portada-Norte.jpeg\",\"contentUrl\":\"https:\/\/weltviajes.tur.ar\/wp-content\/uploads\/2026\/03\/Portada-Norte.jpeg\",\"width\":1080,\"height\":1080},{\"@type\":\"BreadcrumbList\",\"@id\":\"https:\/\/weltviajes.tur.ar\/index.php\/product\/salta-y-tilcara\/#breadcrumb\",\"itemListElement\":[{\"@type\":\"ListItem\",\"position\":1,\"name\":\"Portada\",\"item\":\"https:\/\/weltviajes.tur.ar\/\"},{\"@type\":\"ListItem\",\"position\":2,\"name\":\"Tienda\",\"item\":\"https:\/\/weltviajes.tur.ar\/index.php\/tienda\/\"},{\"@type\":\"ListItem\",\"position\":3,\"name\":\"SALTA y TILCARA\"}]},{\"@type\":\"WebSite\",\"@id\":\"https:\/\/weltviajes.tur.ar\/#website\",\"url\":\"https:\/\/weltviajes.tur.ar\/\",\"name\":\"Welt Viajes\",\"description\":\"Viajes y Turismo\",\"potentialAction\":[{\"@type\":\"SearchAction\",\"target\":{\"@type\":\"EntryPoint\",\"urlTemplate\":\"https:\/\/weltviajes.tur.ar\/?s={search_term_string}\"},\"query-input\":{\"@type\":\"PropertyValueSpecification\",\"valueRequired\":true,\"valueName\":\"search_term_string\"}}],\"inLanguage\":\"es\"}]}<\/script>\n<!-- \/ Yoast SEO plugin. -->","yoast_head_json":{"title":"SALTA y TILCARA - Welt Viajes","description":"Maravillas Norte\u00f1as: Un viaje al coraz\u00f3n de la tierra roja y el cielo infinito. Dejate cautivar por la magia ancestral del Norte Argentino, un destino donde el tiempo parece detenerse entre monta\u00f1as de siete colores, salares que desaf\u00edan la vista y pueblos que guardan sus tradiciones como tesoros. Este tour est\u00e1 dise\u00f1ado para quienes buscan una desconexi\u00f3n profunda y un encuentro genuino con la naturaleza y la cultura andina.","robots":{"index":"index","follow":"follow","max-snippet":"max-snippet:-1","max-image-preview":"max-image-preview:large","max-video-preview":"max-video-preview:-1"},"canonical":"https:\/\/weltviajes.tur.ar\/index.php\/product\/salta-y-tilcara\/","og_locale":"es_ES","og_type":"article","og_title":"SALTA y TILCARA - Welt Viajes","og_description":"Maravillas Norte\u00f1as: Un viaje al coraz\u00f3n de la tierra roja y el cielo infinito. Dejate cautivar por la magia ancestral del Norte Argentino, un destino donde el tiempo parece detenerse entre monta\u00f1as de siete colores, salares que desaf\u00edan la vista y pueblos que guardan sus tradiciones como tesoros. Este tour est\u00e1 dise\u00f1ado para quienes buscan una desconexi\u00f3n profunda y un encuentro genuino con la naturaleza y la cultura andina.","og_url":"https:\/\/weltviajes.tur.ar\/index.php\/product\/salta-y-tilcara\/","og_site_name":"Welt Viajes","article_modified_time":"2026-03-05T19:35:00+00:00","og_image":[{"width":1080,"height":1080,"url":"https:\/\/weltviajes.tur.ar\/wp-content\/uploads\/2026\/03\/Portada-Norte.jpeg","type":"image\/jpeg"}],"twitter_card":"summary_large_image","twitter_misc":{"Tiempo de lectura":"1 minuto"},"schema":{"@context":"https:\/\/schema.org","@graph":[{"@type":"WebPage","@id":"https:\/\/weltviajes.tur.ar\/index.php\/product\/salta-y-tilcara\/","url":"https:\/\/weltviajes.tur.ar\/index.php\/product\/salta-y-tilcara\/","name":"SALTA y TILCARA - Welt Viajes","isPartOf":{"@id":"https:\/\/weltviajes.tur.ar\/#website"},"primaryImageOfPage":{"@id":"https:\/\/weltviajes.tur.ar\/index.php\/product\/salta-y-tilcara\/#primaryimage"},"image":{"@id":"https:\/\/weltviajes.tur.ar\/index.php\/product\/salta-y-tilcara\/#primaryimage"},"thumbnailUrl":"https:\/\/weltviajes.tur.ar\/wp-content\/uploads\/2026\/03\/Portada-Norte.jpeg","datePublished":"2026-03-05T19:31:17+00:00","dateModified":"2026-03-05T19:35:00+00:00","description":"Maravillas Norte\u00f1as: Un viaje al coraz\u00f3n de la tierra roja y el cielo infinito. Dejate cautivar por la magia ancestral del Norte Argentino, un destino donde el tiempo parece detenerse entre monta\u00f1as de siete colores, salares que desaf\u00edan la vista y pueblos que guardan sus tradiciones como tesoros. Este tour est\u00e1 dise\u00f1ado para quienes buscan una desconexi\u00f3n profunda y un encuentro genuino con la naturaleza y la cultura andina.","breadcrumb":{"@id":"https:\/\/weltviajes.tur.ar\/index.php\/product\/salta-y-tilcara\/#breadcrumb"},"inLanguage":"es","potentialAction":[{"@type":"ReadAction","target":["https:\/\/weltviajes.tur.ar\/index.php\/product\/salta-y-tilcara\/"]}]},{"@type":"ImageObject","inLanguage":"es","@id":"https:\/\/weltviajes.tur.ar\/index.php\/product\/salta-y-tilcara\/#primaryimage","url":"https:\/\/weltviajes.tur.ar\/wp-content\/uploads\/2026\/03\/Portada-Norte.jpeg","contentUrl":"https:\/\/weltviajes.tur.ar\/wp-content\/uploads\/2026\/03\/Portada-Norte.jpeg","width":1080,"height":1080},{"@type":"BreadcrumbList","@id":"https:\/\/weltviajes.tur.ar\/index.php\/product\/salta-y-tilcara\/#breadcrumb","itemListElement":[{"@type":"ListItem","position":1,"name":"Portada","item":"https:\/\/weltviajes.tur.ar\/"},{"@type":"ListItem","position":2,"name":"Tienda","item":"https:\/\/weltviajes.tur.ar\/index.php\/tienda\/"},{"@type":"ListItem","position":3,"name":"SALTA y TILCARA"}]},{"@type":"WebSite","@id":"https:\/\/weltviajes.tur.ar\/#website","url":"https:\/\/weltviajes.tur.ar\/","name":"Welt Viajes","description":"Viajes y Turismo","potentialAction":[{"@type":"SearchAction","target":{"@type":"EntryPoint","urlTemplate":"https:\/\/weltviajes.tur.ar\/?s={search_term_string}"},"query-input":{"@type":"PropertyValueSpecification","valueRequired":true,"valueName":"search_term_string"}}],"inLanguage":"es"}]}},"_links":{"self":[{"href":"https:\/\/weltviajes.tur.ar\/index.php\/wp-json\/wp\/v2\/product\/2687","targetHints":{"allow":["GET"]}}],"collection":[{"href":"https:\/\/weltviajes.tur.ar\/index.php\/wp-json\/wp\/v2\/product"}],"about":[{"href":"https:\/\/weltviajes.tur.ar\/index.php\/wp-json\/wp\/v2\/types\/product"}],"replies":[{"embeddable":true,"href":"https:\/\/weltviajes.tur.ar\/index.php\/wp-json\/wp\/v2\/comments?post=2687"}],"wp:featuredmedia":[{"embeddable":true,"href":"https:\/\/weltviajes.tur.ar\/index.php\/wp-json\/wp\/v2\/media\/2689"}],"wp:attachment":[{"href":"https:\/\/weltviajes.tur.ar\/index.php\/wp-json\/wp\/v2\/media?parent=2687"}],"wp:term":[{"taxonomy":"product_brand","embeddable":true,"href":"https:\/\/weltviajes.tur.ar\/index.php\/wp-json\/wp\/v2\/product_brand?post=2687"},{"taxonomy":"product_cat","embeddable":true,"href":"https:\/\/weltviajes.tur.ar\/index.php\/wp-json\/wp\/v2\/product_cat?post=2687"},{"taxonomy":"product_tag","embeddable":true,"href":"https:\/\/weltviajes.tur.ar\/index.php\/wp-json\/wp\/v2\/product_tag?post=2687"}],"curies":[{"name":"wp","href":"https:\/\/api.w.org\/{rel}","templated":true}]}}