{"id":2643,"date":"2025-08-22T13:58:59","date_gmt":"2025-08-22T16:58:59","guid":{"rendered":"https:\/\/weltviajes.tur.ar\/?post_type=product&#038;p=2643"},"modified":"2025-08-22T13:58:59","modified_gmt":"2025-08-22T16:58:59","slug":"europa-turistica","status":"publish","type":"product","link":"https:\/\/weltviajes.tur.ar\/index.php\/product\/europa-turistica\/","title":{"rendered":"EUROPA TURISTICA"},"content":{"rendered":"<h4><span style=\"color: #0000ff\">TE OFRECEMOS LAS MEJORES OPCIONES PARA RECORRER EUROPA<br \/>\n<\/span><\/h4>\n<p><span style=\"color: #0000ff\">Una salida grupal que realiza un recorrido fascinante que combina historia, cultura, paisajes impactantes y mucha gastronom\u00eda, ideal para quienes sue\u00f1an con vivir su primer gran viaje por Europa. \u00a1An\u00edmate a conocer este bello destino con nosotros!<\/span><\/p>\n<p><span style=\"color: #3366ff\">#VacacionesInolvidables<\/span><\/p>\n<p>Podes adicionar excursiones en tu paquete antes de viajar y llegar a destino con todo planificado, consultanos!<\/p>\n<p><span style=\"color: #800080\"><strong>RECOMENDAMOS SIEMPRE ADICIONAR ASISTENCIA AL VIAJERO.<\/strong><\/span><\/p>\n<p><span style=\"color: #339966\"><strong>WhatsApp<\/strong><\/span> 11-4031-7728 | 11-5494-5026 | 11-5488-8184\u00a0 \u00a0<span style=\"color: #3366ff\"><strong>Email<\/strong><\/span> weltviajes@gmail.com<\/p>\n","protected":false},"excerpt":{"rendered":"<p><strong>Salida ABRIL 2026*<\/strong><\/p>\n<p><span style=\"color: #ff00ff\">Un itinerario so\u00f1ado por las ciudades m\u00e1s ic\u00f3nicas del continente: Madrid, San Sebasti\u00e1n, Burdeos, Blois, Par\u00eds, Ginebra, Aosta, Venecia, Ravena, As\u00eds, Roma, Florencia, Pisa, Sestri Levante, Montecarlo, la Costa Azul, Arles, Barcelona, Pened\u00e9s, Zaragoza.<\/span><\/p>\n<ul>\n<li>Tickets a\u00e9reos<\/li>\n<li>Traslados<\/li>\n<li>17 Noches de alojamiento<\/li>\n<li>Desayuno<\/li>\n<li>Excursiones con gu\u00eda<\/li>\n<li>Asistencia al viajero<\/li>\n<\/ul>\n<blockquote><p><em>Desde<\/em><strong><span style=\"color: #0000ff\"> USD 4.619<\/span><\/strong><\/p><\/blockquote>\n<p><em style=\"text-align: right\">Tarifas por persona en base doble habitaci\u00f3n est\u00e1ndar expresadas en d\u00f3lares estadounidenses sujetas a disponibilidad y modificaci\u00f3n no incluyen gastos administrativos, de reserva, percepci\u00f3n del 5% por pago en efectivo ni RG 3819 por pago en pesos argentinos.<\/em><\/p>\n<p><strong>*CUPOS LIMITADOS, RESERVA YA!<\/strong><\/p>\n","protected":false},"featured_media":2641,"comment_status":"closed","ping_status":"closed","template":"","meta":{"_et_pb_use_builder":"","_et_pb_old_content":"","_et_gb_content_width":""},"product_brand":[],"product_cat":[22],"product_tag":[],"class_list":{"0":"post-2643","1":"product","2":"type-product","3":"status-publish","4":"has-post-thumbnail","6":"product_cat-europa","8":"first","9":"instock","10":"taxable","11":"shipping-taxable","12":"purchasable","13":"product-type-simple"},"yoast_head":"<!-- This site is optimized with the Yoast SEO plugin v26.5 - https:\/\/yoast.com\/wordpress\/plugins\/seo\/ -->\n<title>EUROPA TURISTICA - Welt Viajes<\/title>\n<meta name=\"robots\" content=\"index, follow, max-snippet:-1, max-image-preview:large, max-video-preview:-1\" \/>\n<link rel=\"canonical\" href=\"https:\/\/weltviajes.tur.ar\/index.php\/product\/europa-turistica\/\" \/>\n<meta property=\"og:locale\" content=\"es_ES\" \/>\n<meta property=\"og:type\" content=\"article\" \/>\n<meta property=\"og:title\" content=\"EUROPA TURISTICA - Welt Viajes\" \/>\n<meta property=\"og:description\" content=\"Salida ABRIL 2026*  Un itinerario so\u00f1ado por las ciudades m\u00e1s ic\u00f3nicas del continente: Madrid, San Sebasti\u00e1n, Burdeos, Blois, Par\u00eds, Ginebra, Aosta, Venecia, Ravena, As\u00eds, Roma, Florencia, Pisa, Sestri Levante, Montecarlo, la Costa Azul, Arles, Barcelona, Pened\u00e9s, Zaragoza.   Tickets a\u00e9reos  Traslados  17 Noches de alojamiento  Desayuno  Excursiones con gu\u00eda  Asistencia al viajero  Desde USD 4.619 Tarifas por persona en base doble habitaci\u00f3n est\u00e1ndar expresadas en d\u00f3lares estadounidenses sujetas a disponibilidad y modificaci\u00f3n no incluyen gastos administrativos, de reserva, percepci\u00f3n del 5% por pago en efectivo ni RG 3819 por pago en pesos argentinos.  *CUPOS LIMITADOS, RESERVA YA!\" \/>\n<meta property=\"og:url\" content=\"https:\/\/weltviajes.tur.ar\/index.php\/product\/europa-turistica\/\" \/>\n<meta property=\"og:site_name\" content=\"Welt Viajes\" \/>\n<meta property=\"og:image\" content=\"https:\/\/weltviajes.tur.ar\/wp-content\/uploads\/2025\/08\/Portada-Europa.png\" \/>\n\t<meta property=\"og:image:width\" content=\"1080\" \/>\n\t<meta property=\"og:image:height\" content=\"1080\" \/>\n\t<meta property=\"og:image:type\" content=\"image\/png\" \/>\n<meta name=\"twitter:card\" content=\"summary_large_image\" \/>\n<meta name=\"twitter:label1\" content=\"Tiempo de lectura\" \/>\n\t<meta name=\"twitter:data1\" content=\"1 minuto\" \/>\n<script type=\"application\/ld+json\" class=\"yoast-schema-graph\">{\"@context\":\"https:\/\/schema.org\",\"@graph\":[{\"@type\":\"WebPage\",\"@id\":\"https:\/\/weltviajes.tur.ar\/index.php\/product\/europa-turistica\/\",\"url\":\"https:\/\/weltviajes.tur.ar\/index.php\/product\/europa-turistica\/\",\"name\":\"EUROPA TURISTICA - Welt Viajes\",\"isPartOf\":{\"@id\":\"https:\/\/weltviajes.tur.ar\/#website\"},\"primaryImageOfPage\":{\"@id\":\"https:\/\/weltviajes.tur.ar\/index.php\/product\/europa-turistica\/#primaryimage\"},\"image\":{\"@id\":\"https:\/\/weltviajes.tur.ar\/index.php\/product\/europa-turistica\/#primaryimage\"},\"thumbnailUrl\":\"https:\/\/weltviajes.tur.ar\/wp-content\/uploads\/2025\/08\/Portada-Europa.png\",\"datePublished\":\"2025-08-22T16:58:59+00:00\",\"breadcrumb\":{\"@id\":\"https:\/\/weltviajes.tur.ar\/index.php\/product\/europa-turistica\/#breadcrumb\"},\"inLanguage\":\"es\",\"potentialAction\":[{\"@type\":\"ReadAction\",\"target\":[\"https:\/\/weltviajes.tur.ar\/index.php\/product\/europa-turistica\/\"]}]},{\"@type\":\"ImageObject\",\"inLanguage\":\"es\",\"@id\":\"https:\/\/weltviajes.tur.ar\/index.php\/product\/europa-turistica\/#primaryimage\",\"url\":\"https:\/\/weltviajes.tur.ar\/wp-content\/uploads\/2025\/08\/Portada-Europa.png\",\"contentUrl\":\"https:\/\/weltviajes.tur.ar\/wp-content\/uploads\/2025\/08\/Portada-Europa.png\",\"width\":1080,\"height\":1080},{\"@type\":\"BreadcrumbList\",\"@id\":\"https:\/\/weltviajes.tur.ar\/index.php\/product\/europa-turistica\/#breadcrumb\",\"itemListElement\":[{\"@type\":\"ListItem\",\"position\":1,\"name\":\"Portada\",\"item\":\"https:\/\/weltviajes.tur.ar\/\"},{\"@type\":\"ListItem\",\"position\":2,\"name\":\"Tienda\",\"item\":\"https:\/\/weltviajes.tur.ar\/index.php\/tienda\/\"},{\"@type\":\"ListItem\",\"position\":3,\"name\":\"EUROPA TURISTICA\"}]},{\"@type\":\"WebSite\",\"@id\":\"https:\/\/weltviajes.tur.ar\/#website\",\"url\":\"https:\/\/weltviajes.tur.ar\/\",\"name\":\"Welt Viajes\",\"description\":\"Viajes y Turismo\",\"potentialAction\":[{\"@type\":\"SearchAction\",\"target\":{\"@type\":\"EntryPoint\",\"urlTemplate\":\"https:\/\/weltviajes.tur.ar\/?s={search_term_string}\"},\"query-input\":{\"@type\":\"PropertyValueSpecification\",\"valueRequired\":true,\"valueName\":\"search_term_string\"}}],\"inLanguage\":\"es\"}]}<\/script>\n<!-- \/ Yoast SEO plugin. -->","yoast_head_json":{"title":"EUROPA TURISTICA - Welt Viajes","robots":{"index":"index","follow":"follow","max-snippet":"max-snippet:-1","max-image-preview":"max-image-preview:large","max-video-preview":"max-video-preview:-1"},"canonical":"https:\/\/weltviajes.tur.ar\/index.php\/product\/europa-turistica\/","og_locale":"es_ES","og_type":"article","og_title":"EUROPA TURISTICA - Welt Viajes","og_description":"Salida ABRIL 2026*  Un itinerario so\u00f1ado por las ciudades m\u00e1s ic\u00f3nicas del continente: Madrid, San Sebasti\u00e1n, Burdeos, Blois, Par\u00eds, Ginebra, Aosta, Venecia, Ravena, As\u00eds, Roma, Florencia, Pisa, Sestri Levante, Montecarlo, la Costa Azul, Arles, Barcelona, Pened\u00e9s, Zaragoza.   Tickets a\u00e9reos  Traslados  17 Noches de alojamiento  Desayuno  Excursiones con gu\u00eda  Asistencia al viajero  Desde USD 4.619 Tarifas por persona en base doble habitaci\u00f3n est\u00e1ndar expresadas en d\u00f3lares estadounidenses sujetas a disponibilidad y modificaci\u00f3n no incluyen gastos administrativos, de reserva, percepci\u00f3n del 5% por pago en efectivo ni RG 3819 por pago en pesos argentinos.  *CUPOS LIMITADOS, RESERVA YA!","og_url":"https:\/\/weltviajes.tur.ar\/index.php\/product\/europa-turistica\/","og_site_name":"Welt Viajes","og_image":[{"width":1080,"height":1080,"url":"https:\/\/weltviajes.tur.ar\/wp-content\/uploads\/2025\/08\/Portada-Europa.png","type":"image\/png"}],"twitter_card":"summary_large_image","twitter_misc":{"Tiempo de lectura":"1 minuto"},"schema":{"@context":"https:\/\/schema.org","@graph":[{"@type":"WebPage","@id":"https:\/\/weltviajes.tur.ar\/index.php\/product\/europa-turistica\/","url":"https:\/\/weltviajes.tur.ar\/index.php\/product\/europa-turistica\/","name":"EUROPA TURISTICA - Welt Viajes","isPartOf":{"@id":"https:\/\/weltviajes.tur.ar\/#website"},"primaryImageOfPage":{"@id":"https:\/\/weltviajes.tur.ar\/index.php\/product\/europa-turistica\/#primaryimage"},"image":{"@id":"https:\/\/weltviajes.tur.ar\/index.php\/product\/europa-turistica\/#primaryimage"},"thumbnailUrl":"https:\/\/weltviajes.tur.ar\/wp-content\/uploads\/2025\/08\/Portada-Europa.png","datePublished":"2025-08-22T16:58:59+00:00","breadcrumb":{"@id":"https:\/\/weltviajes.tur.ar\/index.php\/product\/europa-turistica\/#breadcrumb"},"inLanguage":"es","potentialAction":[{"@type":"ReadAction","target":["https:\/\/weltviajes.tur.ar\/index.php\/product\/europa-turistica\/"]}]},{"@type":"ImageObject","inLanguage":"es","@id":"https:\/\/weltviajes.tur.ar\/index.php\/product\/europa-turistica\/#primaryimage","url":"https:\/\/weltviajes.tur.ar\/wp-content\/uploads\/2025\/08\/Portada-Europa.png","contentUrl":"https:\/\/weltviajes.tur.ar\/wp-content\/uploads\/2025\/08\/Portada-Europa.png","width":1080,"height":1080},{"@type":"BreadcrumbList","@id":"https:\/\/weltviajes.tur.ar\/index.php\/product\/europa-turistica\/#breadcrumb","itemListElement":[{"@type":"ListItem","position":1,"name":"Portada","item":"https:\/\/weltviajes.tur.ar\/"},{"@type":"ListItem","position":2,"name":"Tienda","item":"https:\/\/weltviajes.tur.ar\/index.php\/tienda\/"},{"@type":"ListItem","position":3,"name":"EUROPA TURISTICA"}]},{"@type":"WebSite","@id":"https:\/\/weltviajes.tur.ar\/#website","url":"https:\/\/weltviajes.tur.ar\/","name":"Welt Viajes","description":"Viajes y Turismo","potentialAction":[{"@type":"SearchAction","target":{"@type":"EntryPoint","urlTemplate":"https:\/\/weltviajes.tur.ar\/?s={search_term_string}"},"query-input":{"@type":"PropertyValueSpecification","valueRequired":true,"valueName":"search_term_string"}}],"inLanguage":"es"}]}},"_links":{"self":[{"href":"https:\/\/weltviajes.tur.ar\/index.php\/wp-json\/wp\/v2\/product\/2643","targetHints":{"allow":["GET"]}}],"collection":[{"href":"https:\/\/weltviajes.tur.ar\/index.php\/wp-json\/wp\/v2\/product"}],"about":[{"href":"https:\/\/weltviajes.tur.ar\/index.php\/wp-json\/wp\/v2\/types\/product"}],"replies":[{"embeddable":true,"href":"https:\/\/weltviajes.tur.ar\/index.php\/wp-json\/wp\/v2\/comments?post=2643"}],"wp:featuredmedia":[{"embeddable":true,"href":"https:\/\/weltviajes.tur.ar\/index.php\/wp-json\/wp\/v2\/media\/2641"}],"wp:attachment":[{"href":"https:\/\/weltviajes.tur.ar\/index.php\/wp-json\/wp\/v2\/media?parent=2643"}],"wp:term":[{"taxonomy":"product_brand","embeddable":true,"href":"https:\/\/weltviajes.tur.ar\/index.php\/wp-json\/wp\/v2\/product_brand?post=2643"},{"taxonomy":"product_cat","embeddable":true,"href":"https:\/\/weltviajes.tur.ar\/index.php\/wp-json\/wp\/v2\/product_cat?post=2643"},{"taxonomy":"product_tag","embeddable":true,"href":"https:\/\/weltviajes.tur.ar\/index.php\/wp-json\/wp\/v2\/product_tag?post=2643"}],"curies":[{"name":"wp","href":"https:\/\/api.w.org\/{rel}","templated":true}]}}