{"id":2614,"date":"2025-08-02T13:10:25","date_gmt":"2025-08-02T16:10:25","guid":{"rendered":"https:\/\/weltviajes.tur.ar\/?post_type=product&#038;p=2614"},"modified":"2025-08-02T13:10:25","modified_gmt":"2025-08-02T16:10:25","slug":"porto-seguro-desde-cordoba","status":"publish","type":"product","link":"https:\/\/weltviajes.tur.ar\/index.php\/product\/porto-seguro-desde-cordoba\/","title":{"rendered":"PORTO SEGURO desde C\u00f3rdoba"},"content":{"rendered":"<h4><span style=\"color: #0000ff\">TE OFRECEMOS LAS MEJORES OPCIONES PARA EL PR\u00d3XIMO VERANO 2026<br \/>\n<\/span><\/h4>\n<p><span style=\"color: #0000ff\">Porto Seguro es un destino tur\u00edstico popular conocido por sus hermosas playas, rica historia y vibrante cultura. Es un lugar donde los visitantes pueden disfrutar de las playas, explorar el Centro Hist\u00f3rico, y disfrutar de la vida nocturna. \ud83c\udf34\u2600\ufe0f \u00a1An\u00edmate a conocer este bello destino con nosotros!<\/span><\/p>\n<p><span style=\"color: #3366ff\">#VacacionesInolvidables<\/span><\/p>\n<p>Podes adicionar excursiones en tu paquete antes de viajar y llegar a destino con todo planificado, consultanos!<\/p>\n<p><span style=\"color: #800080\"><strong>RECOMENDAMOS SIEMPRE ADICIONAR ASISTENCIA AL VIAJERO.<\/strong><\/span><\/p>\n<p><span style=\"color: #339966\"><strong>WhatsApp<\/strong><\/span> 11-4031-7728 | 11-5494-5026 | 11-5488-8184\u00a0 \u00a0<span style=\"color: #3366ff\"><strong>Email<\/strong><\/span> weltviajes@gmail.com<\/p>\n","protected":false},"excerpt":{"rendered":"<p><strong>Salidas ENERO 2026*<br \/>\n<\/strong><\/p>\n<ul>\n<li>Tickets a\u00e9reos ida y vuelta con Carry On<\/li>\n<li>Traslados in\/out en regular<\/li>\n<li>9 Noches de alojamiento<\/li>\n<li>R\u00e9gimen<\/li>\n<li>Asistencia al viajero<\/li>\n<\/ul>\n<blockquote><p><em>con <\/em>Desayuno<em> Desde<\/em><strong><span style=\"color: #0000ff\"> USD 1.450<\/span><\/strong><\/p><\/blockquote>\n<blockquote><p><em>con <\/em>All Inclusive<em> Desde<\/em><strong><span style=\"color: #0000ff\"> USD 2.790<\/span><\/strong><\/p><\/blockquote>\n<p><em style=\"text-align: right\">Tarifas por persona en base doble habitaci\u00f3n est\u00e1ndar expresadas en d\u00f3lares estadounidenses sujetas a disponibilidad y modificaci\u00f3n no incluyen percepci\u00f3n del 5% por pago en efectivo ni RG 3819 por pago en pesos argentinos.<\/em><\/p>\n<p>*CUPOS CONFIRMADOS, RESERVA YA!<\/p>\n","protected":false},"featured_media":2593,"comment_status":"closed","ping_status":"closed","template":"","meta":{"_et_pb_use_builder":"","_et_pb_old_content":"","_et_gb_content_width":""},"product_brand":[],"product_cat":[21],"product_tag":[],"class_list":{"0":"post-2614","1":"product","2":"type-product","3":"status-publish","4":"has-post-thumbnail","6":"product_cat-sudamerica","8":"first","9":"instock","10":"taxable","11":"shipping-taxable","12":"purchasable","13":"product-type-simple"},"yoast_head":"<!-- This site is optimized with the Yoast SEO plugin v26.5 - https:\/\/yoast.com\/wordpress\/plugins\/seo\/ -->\n<title>PORTO SEGURO desde C\u00f3rdoba - Welt Viajes<\/title>\n<meta name=\"robots\" content=\"index, follow, max-snippet:-1, max-image-preview:large, max-video-preview:-1\" \/>\n<link rel=\"canonical\" href=\"https:\/\/weltviajes.tur.ar\/index.php\/product\/porto-seguro-desde-cordoba\/\" \/>\n<meta property=\"og:locale\" content=\"es_ES\" \/>\n<meta property=\"og:type\" content=\"article\" \/>\n<meta property=\"og:title\" content=\"PORTO SEGURO desde C\u00f3rdoba - Welt Viajes\" \/>\n<meta property=\"og:description\" content=\"Salidas ENERO 2026*    Tickets a\u00e9reos ida y vuelta con Carry On  Traslados in\/out en regular  9 Noches de alojamiento  R\u00e9gimen  Asistencia al viajero  con Desayuno Desde USD 1.450 con All Inclusive Desde USD 2.790 Tarifas por persona en base doble habitaci\u00f3n est\u00e1ndar expresadas en d\u00f3lares estadounidenses sujetas a disponibilidad y modificaci\u00f3n no incluyen percepci\u00f3n del 5% por pago en efectivo ni RG 3819 por pago en pesos argentinos.  *CUPOS CONFIRMADOS, RESERVA YA!\" \/>\n<meta property=\"og:url\" content=\"https:\/\/weltviajes.tur.ar\/index.php\/product\/porto-seguro-desde-cordoba\/\" \/>\n<meta property=\"og:site_name\" content=\"Welt Viajes\" \/>\n<meta property=\"og:image\" content=\"https:\/\/weltviajes.tur.ar\/wp-content\/uploads\/2025\/07\/Portada-2026-1.jpeg\" \/>\n\t<meta property=\"og:image:width\" content=\"1080\" \/>\n\t<meta property=\"og:image:height\" content=\"1080\" \/>\n\t<meta property=\"og:image:type\" content=\"image\/jpeg\" \/>\n<meta name=\"twitter:card\" content=\"summary_large_image\" \/>\n<meta name=\"twitter:label1\" content=\"Tiempo de lectura\" \/>\n\t<meta name=\"twitter:data1\" content=\"1 minuto\" \/>\n<script type=\"application\/ld+json\" class=\"yoast-schema-graph\">{\"@context\":\"https:\/\/schema.org\",\"@graph\":[{\"@type\":\"WebPage\",\"@id\":\"https:\/\/weltviajes.tur.ar\/index.php\/product\/porto-seguro-desde-cordoba\/\",\"url\":\"https:\/\/weltviajes.tur.ar\/index.php\/product\/porto-seguro-desde-cordoba\/\",\"name\":\"PORTO SEGURO desde C\u00f3rdoba - Welt Viajes\",\"isPartOf\":{\"@id\":\"https:\/\/weltviajes.tur.ar\/#website\"},\"primaryImageOfPage\":{\"@id\":\"https:\/\/weltviajes.tur.ar\/index.php\/product\/porto-seguro-desde-cordoba\/#primaryimage\"},\"image\":{\"@id\":\"https:\/\/weltviajes.tur.ar\/index.php\/product\/porto-seguro-desde-cordoba\/#primaryimage\"},\"thumbnailUrl\":\"https:\/\/weltviajes.tur.ar\/wp-content\/uploads\/2025\/07\/Portada-2026-1.jpeg\",\"datePublished\":\"2025-08-02T16:10:25+00:00\",\"breadcrumb\":{\"@id\":\"https:\/\/weltviajes.tur.ar\/index.php\/product\/porto-seguro-desde-cordoba\/#breadcrumb\"},\"inLanguage\":\"es\",\"potentialAction\":[{\"@type\":\"ReadAction\",\"target\":[\"https:\/\/weltviajes.tur.ar\/index.php\/product\/porto-seguro-desde-cordoba\/\"]}]},{\"@type\":\"ImageObject\",\"inLanguage\":\"es\",\"@id\":\"https:\/\/weltviajes.tur.ar\/index.php\/product\/porto-seguro-desde-cordoba\/#primaryimage\",\"url\":\"https:\/\/weltviajes.tur.ar\/wp-content\/uploads\/2025\/07\/Portada-2026-1.jpeg\",\"contentUrl\":\"https:\/\/weltviajes.tur.ar\/wp-content\/uploads\/2025\/07\/Portada-2026-1.jpeg\",\"width\":1080,\"height\":1080},{\"@type\":\"BreadcrumbList\",\"@id\":\"https:\/\/weltviajes.tur.ar\/index.php\/product\/porto-seguro-desde-cordoba\/#breadcrumb\",\"itemListElement\":[{\"@type\":\"ListItem\",\"position\":1,\"name\":\"Portada\",\"item\":\"https:\/\/weltviajes.tur.ar\/\"},{\"@type\":\"ListItem\",\"position\":2,\"name\":\"Tienda\",\"item\":\"https:\/\/weltviajes.tur.ar\/index.php\/tienda\/\"},{\"@type\":\"ListItem\",\"position\":3,\"name\":\"PORTO SEGURO desde C\u00f3rdoba\"}]},{\"@type\":\"WebSite\",\"@id\":\"https:\/\/weltviajes.tur.ar\/#website\",\"url\":\"https:\/\/weltviajes.tur.ar\/\",\"name\":\"Welt Viajes\",\"description\":\"Viajes y Turismo\",\"potentialAction\":[{\"@type\":\"SearchAction\",\"target\":{\"@type\":\"EntryPoint\",\"urlTemplate\":\"https:\/\/weltviajes.tur.ar\/?s={search_term_string}\"},\"query-input\":{\"@type\":\"PropertyValueSpecification\",\"valueRequired\":true,\"valueName\":\"search_term_string\"}}],\"inLanguage\":\"es\"}]}<\/script>\n<!-- \/ Yoast SEO plugin. -->","yoast_head_json":{"title":"PORTO SEGURO desde C\u00f3rdoba - Welt Viajes","robots":{"index":"index","follow":"follow","max-snippet":"max-snippet:-1","max-image-preview":"max-image-preview:large","max-video-preview":"max-video-preview:-1"},"canonical":"https:\/\/weltviajes.tur.ar\/index.php\/product\/porto-seguro-desde-cordoba\/","og_locale":"es_ES","og_type":"article","og_title":"PORTO SEGURO desde C\u00f3rdoba - Welt Viajes","og_description":"Salidas ENERO 2026*    Tickets a\u00e9reos ida y vuelta con Carry On  Traslados in\/out en regular  9 Noches de alojamiento  R\u00e9gimen  Asistencia al viajero  con Desayuno Desde USD 1.450 con All Inclusive Desde USD 2.790 Tarifas por persona en base doble habitaci\u00f3n est\u00e1ndar expresadas en d\u00f3lares estadounidenses sujetas a disponibilidad y modificaci\u00f3n no incluyen percepci\u00f3n del 5% por pago en efectivo ni RG 3819 por pago en pesos argentinos.  *CUPOS CONFIRMADOS, RESERVA YA!","og_url":"https:\/\/weltviajes.tur.ar\/index.php\/product\/porto-seguro-desde-cordoba\/","og_site_name":"Welt Viajes","og_image":[{"width":1080,"height":1080,"url":"https:\/\/weltviajes.tur.ar\/wp-content\/uploads\/2025\/07\/Portada-2026-1.jpeg","type":"image\/jpeg"}],"twitter_card":"summary_large_image","twitter_misc":{"Tiempo de lectura":"1 minuto"},"schema":{"@context":"https:\/\/schema.org","@graph":[{"@type":"WebPage","@id":"https:\/\/weltviajes.tur.ar\/index.php\/product\/porto-seguro-desde-cordoba\/","url":"https:\/\/weltviajes.tur.ar\/index.php\/product\/porto-seguro-desde-cordoba\/","name":"PORTO SEGURO desde C\u00f3rdoba - Welt Viajes","isPartOf":{"@id":"https:\/\/weltviajes.tur.ar\/#website"},"primaryImageOfPage":{"@id":"https:\/\/weltviajes.tur.ar\/index.php\/product\/porto-seguro-desde-cordoba\/#primaryimage"},"image":{"@id":"https:\/\/weltviajes.tur.ar\/index.php\/product\/porto-seguro-desde-cordoba\/#primaryimage"},"thumbnailUrl":"https:\/\/weltviajes.tur.ar\/wp-content\/uploads\/2025\/07\/Portada-2026-1.jpeg","datePublished":"2025-08-02T16:10:25+00:00","breadcrumb":{"@id":"https:\/\/weltviajes.tur.ar\/index.php\/product\/porto-seguro-desde-cordoba\/#breadcrumb"},"inLanguage":"es","potentialAction":[{"@type":"ReadAction","target":["https:\/\/weltviajes.tur.ar\/index.php\/product\/porto-seguro-desde-cordoba\/"]}]},{"@type":"ImageObject","inLanguage":"es","@id":"https:\/\/weltviajes.tur.ar\/index.php\/product\/porto-seguro-desde-cordoba\/#primaryimage","url":"https:\/\/weltviajes.tur.ar\/wp-content\/uploads\/2025\/07\/Portada-2026-1.jpeg","contentUrl":"https:\/\/weltviajes.tur.ar\/wp-content\/uploads\/2025\/07\/Portada-2026-1.jpeg","width":1080,"height":1080},{"@type":"BreadcrumbList","@id":"https:\/\/weltviajes.tur.ar\/index.php\/product\/porto-seguro-desde-cordoba\/#breadcrumb","itemListElement":[{"@type":"ListItem","position":1,"name":"Portada","item":"https:\/\/weltviajes.tur.ar\/"},{"@type":"ListItem","position":2,"name":"Tienda","item":"https:\/\/weltviajes.tur.ar\/index.php\/tienda\/"},{"@type":"ListItem","position":3,"name":"PORTO SEGURO desde C\u00f3rdoba"}]},{"@type":"WebSite","@id":"https:\/\/weltviajes.tur.ar\/#website","url":"https:\/\/weltviajes.tur.ar\/","name":"Welt Viajes","description":"Viajes y Turismo","potentialAction":[{"@type":"SearchAction","target":{"@type":"EntryPoint","urlTemplate":"https:\/\/weltviajes.tur.ar\/?s={search_term_string}"},"query-input":{"@type":"PropertyValueSpecification","valueRequired":true,"valueName":"search_term_string"}}],"inLanguage":"es"}]}},"_links":{"self":[{"href":"https:\/\/weltviajes.tur.ar\/index.php\/wp-json\/wp\/v2\/product\/2614","targetHints":{"allow":["GET"]}}],"collection":[{"href":"https:\/\/weltviajes.tur.ar\/index.php\/wp-json\/wp\/v2\/product"}],"about":[{"href":"https:\/\/weltviajes.tur.ar\/index.php\/wp-json\/wp\/v2\/types\/product"}],"replies":[{"embeddable":true,"href":"https:\/\/weltviajes.tur.ar\/index.php\/wp-json\/wp\/v2\/comments?post=2614"}],"wp:featuredmedia":[{"embeddable":true,"href":"https:\/\/weltviajes.tur.ar\/index.php\/wp-json\/wp\/v2\/media\/2593"}],"wp:attachment":[{"href":"https:\/\/weltviajes.tur.ar\/index.php\/wp-json\/wp\/v2\/media?parent=2614"}],"wp:term":[{"taxonomy":"product_brand","embeddable":true,"href":"https:\/\/weltviajes.tur.ar\/index.php\/wp-json\/wp\/v2\/product_brand?post=2614"},{"taxonomy":"product_cat","embeddable":true,"href":"https:\/\/weltviajes.tur.ar\/index.php\/wp-json\/wp\/v2\/product_cat?post=2614"},{"taxonomy":"product_tag","embeddable":true,"href":"https:\/\/weltviajes.tur.ar\/index.php\/wp-json\/wp\/v2\/product_tag?post=2614"}],"curies":[{"name":"wp","href":"https:\/\/api.w.org\/{rel}","templated":true}]}}