{"id":2531,"date":"2025-03-11T15:38:15","date_gmt":"2025-03-11T18:38:15","guid":{"rendered":"https:\/\/weltviajes.tur.ar\/?post_type=product&#038;p=2531"},"modified":"2025-08-01T10:55:20","modified_gmt":"2025-08-01T13:55:20","slug":"marzo-en-republica-dominicana","status":"publish","type":"product","link":"https:\/\/weltviajes.tur.ar\/index.php\/product\/marzo-en-republica-dominicana\/","title":{"rendered":"BAYAHIBE"},"content":{"rendered":"<h4><span style=\"color: #0000ff\">TE OFRECEMOS LAS MEJORES OPCIONES PARA REP\u00daBLICA DOMINICANA 2025<br \/>\n<\/span><\/h4>\n<p><span style=\"color: #0000ff\"><span data-huuid=\"363346757332088292\">Bayah\u00edbe es\u00a0conocido por sus hermosas playas, aguas cristalinas y rica vida marina, lo que lo convierte en un destino popular para el buceo y el snorkel. Adem\u00e1s de sus playas, Bayah\u00edbe es un punto de partida para excursiones a la Isla Saona y al Parque Nacional del Este. Interminables playas de arena blanca salpicadas de finas palmeras que acarician el cielo es por lo que se conoce a la Rep\u00fablica Dominicana. \ud83c\udf34\u2600\ufe0f \u00a1An\u00edmate a conocer este bello para\u00edso con nosotros!<\/span><\/span><\/p>\n<p><span style=\"color: #3366ff\">#DescubriendoDominicana<\/span><br \/>\n<span style=\"color: #3366ff\">#VacacionesInolvidables<\/span><\/p>\n<p>Podes adicionar excursiones en tu paquete antes de viajar y llegar a destino con todo planificado, consultanos!<\/p>\n<p><span style=\"color: #800080\"><strong>RECOMENDAMOS SIEMPRE ADICIONAR ASISTENCIA AL VIAJERO.<\/strong><\/span><\/p>\n<p><span style=\"color: #339966\"><strong>WhatsApp<\/strong><\/span> 11-4031-7728 | 11-5494-5026 | 11-5488-8184\u00a0 \u00a0<span style=\"color: #3366ff\"><strong>Email<\/strong><\/span> weltviajes@gmail.com<\/p>\n","protected":false},"excerpt":{"rendered":"<p><strong>Salida OCTUBRE 2025*<br \/>\n<\/strong><\/p>\n<ul>\n<li>Tickets a\u00e9reos ida y vuelta con Equipaje<\/li>\n<li>Traslados in\/out en regular<\/li>\n<li>7 Noches de alojamiento<\/li>\n<li>All inclusive<\/li>\n<li>Asistencia al viajero<\/li>\n<\/ul>\n<blockquote><p><em>Desde<\/em><strong><span style=\"color: #0000ff\"> USD 1.980<\/span><\/strong><\/p><\/blockquote>\n<p><em style=\"text-align: right\">Tarifas por persona en base doble habitaci\u00f3n est\u00e1ndar expresadas en d\u00f3lares estadounidenses sujetas a disponibilidad y modificaci\u00f3n no incluyen percepci\u00f3n del 5% por pago en efectivo ni RG 3819 por pago en pesos argentinos.<\/em><\/p>\n<p>*\u00daLTIMOS LUGARES CON CUPOS CONFIRMADOS<\/p>\n","protected":false},"featured_media":2417,"comment_status":"closed","ping_status":"closed","template":"","meta":{"_et_pb_use_builder":"","_et_pb_old_content":"","_et_gb_content_width":""},"product_brand":[],"product_cat":[19],"product_tag":[],"class_list":{"0":"post-2531","1":"product","2":"type-product","3":"status-publish","4":"has-post-thumbnail","6":"product_cat-centroamerica","8":"first","9":"instock","10":"taxable","11":"shipping-taxable","12":"purchasable","13":"product-type-simple"},"yoast_head":"<!-- This site is optimized with the Yoast SEO plugin v26.5 - https:\/\/yoast.com\/wordpress\/plugins\/seo\/ -->\n<title>BAYAHIBE - Welt Viajes<\/title>\n<meta name=\"robots\" content=\"index, follow, max-snippet:-1, max-image-preview:large, max-video-preview:-1\" \/>\n<link rel=\"canonical\" href=\"https:\/\/weltviajes.tur.ar\/index.php\/product\/marzo-en-republica-dominicana\/\" \/>\n<meta property=\"og:locale\" content=\"es_ES\" \/>\n<meta property=\"og:type\" content=\"article\" \/>\n<meta property=\"og:title\" content=\"BAYAHIBE - Welt Viajes\" \/>\n<meta property=\"og:description\" content=\"Salida OCTUBRE 2025*    Tickets a\u00e9reos ida y vuelta con Equipaje  Traslados in\/out en regular  7 Noches de alojamiento  All inclusive  Asistencia al viajero  Desde USD 1.980 Tarifas por persona en base doble habitaci\u00f3n est\u00e1ndar expresadas en d\u00f3lares estadounidenses sujetas a disponibilidad y modificaci\u00f3n no incluyen percepci\u00f3n del 5% por pago en efectivo ni RG 3819 por pago en pesos argentinos.  *\u00daLTIMOS LUGARES CON CUPOS CONFIRMADOS\" \/>\n<meta property=\"og:url\" content=\"https:\/\/weltviajes.tur.ar\/index.php\/product\/marzo-en-republica-dominicana\/\" \/>\n<meta property=\"og:site_name\" content=\"Welt Viajes\" \/>\n<meta property=\"article:modified_time\" content=\"2025-08-01T13:55:20+00:00\" \/>\n<meta property=\"og:image\" content=\"https:\/\/weltviajes.tur.ar\/wp-content\/uploads\/2024\/08\/Portada-Bayahibe.png\" \/>\n\t<meta property=\"og:image:width\" content=\"1080\" \/>\n\t<meta property=\"og:image:height\" content=\"1080\" \/>\n\t<meta property=\"og:image:type\" content=\"image\/png\" \/>\n<meta name=\"twitter:card\" content=\"summary_large_image\" \/>\n<meta name=\"twitter:label1\" content=\"Tiempo de lectura\" \/>\n\t<meta name=\"twitter:data1\" content=\"1 minuto\" \/>\n<script type=\"application\/ld+json\" class=\"yoast-schema-graph\">{\"@context\":\"https:\/\/schema.org\",\"@graph\":[{\"@type\":\"WebPage\",\"@id\":\"https:\/\/weltviajes.tur.ar\/index.php\/product\/marzo-en-republica-dominicana\/\",\"url\":\"https:\/\/weltviajes.tur.ar\/index.php\/product\/marzo-en-republica-dominicana\/\",\"name\":\"BAYAHIBE - Welt Viajes\",\"isPartOf\":{\"@id\":\"https:\/\/weltviajes.tur.ar\/#website\"},\"primaryImageOfPage\":{\"@id\":\"https:\/\/weltviajes.tur.ar\/index.php\/product\/marzo-en-republica-dominicana\/#primaryimage\"},\"image\":{\"@id\":\"https:\/\/weltviajes.tur.ar\/index.php\/product\/marzo-en-republica-dominicana\/#primaryimage\"},\"thumbnailUrl\":\"https:\/\/weltviajes.tur.ar\/wp-content\/uploads\/2024\/08\/Portada-Bayahibe.png\",\"datePublished\":\"2025-03-11T18:38:15+00:00\",\"dateModified\":\"2025-08-01T13:55:20+00:00\",\"breadcrumb\":{\"@id\":\"https:\/\/weltviajes.tur.ar\/index.php\/product\/marzo-en-republica-dominicana\/#breadcrumb\"},\"inLanguage\":\"es\",\"potentialAction\":[{\"@type\":\"ReadAction\",\"target\":[\"https:\/\/weltviajes.tur.ar\/index.php\/product\/marzo-en-republica-dominicana\/\"]}]},{\"@type\":\"ImageObject\",\"inLanguage\":\"es\",\"@id\":\"https:\/\/weltviajes.tur.ar\/index.php\/product\/marzo-en-republica-dominicana\/#primaryimage\",\"url\":\"https:\/\/weltviajes.tur.ar\/wp-content\/uploads\/2024\/08\/Portada-Bayahibe.png\",\"contentUrl\":\"https:\/\/weltviajes.tur.ar\/wp-content\/uploads\/2024\/08\/Portada-Bayahibe.png\",\"width\":1080,\"height\":1080},{\"@type\":\"BreadcrumbList\",\"@id\":\"https:\/\/weltviajes.tur.ar\/index.php\/product\/marzo-en-republica-dominicana\/#breadcrumb\",\"itemListElement\":[{\"@type\":\"ListItem\",\"position\":1,\"name\":\"Portada\",\"item\":\"https:\/\/weltviajes.tur.ar\/\"},{\"@type\":\"ListItem\",\"position\":2,\"name\":\"Tienda\",\"item\":\"https:\/\/weltviajes.tur.ar\/index.php\/tienda\/\"},{\"@type\":\"ListItem\",\"position\":3,\"name\":\"BAYAHIBE\"}]},{\"@type\":\"WebSite\",\"@id\":\"https:\/\/weltviajes.tur.ar\/#website\",\"url\":\"https:\/\/weltviajes.tur.ar\/\",\"name\":\"Welt Viajes\",\"description\":\"Viajes y Turismo\",\"potentialAction\":[{\"@type\":\"SearchAction\",\"target\":{\"@type\":\"EntryPoint\",\"urlTemplate\":\"https:\/\/weltviajes.tur.ar\/?s={search_term_string}\"},\"query-input\":{\"@type\":\"PropertyValueSpecification\",\"valueRequired\":true,\"valueName\":\"search_term_string\"}}],\"inLanguage\":\"es\"}]}<\/script>\n<!-- \/ Yoast SEO plugin. -->","yoast_head_json":{"title":"BAYAHIBE - Welt Viajes","robots":{"index":"index","follow":"follow","max-snippet":"max-snippet:-1","max-image-preview":"max-image-preview:large","max-video-preview":"max-video-preview:-1"},"canonical":"https:\/\/weltviajes.tur.ar\/index.php\/product\/marzo-en-republica-dominicana\/","og_locale":"es_ES","og_type":"article","og_title":"BAYAHIBE - Welt Viajes","og_description":"Salida OCTUBRE 2025*    Tickets a\u00e9reos ida y vuelta con Equipaje  Traslados in\/out en regular  7 Noches de alojamiento  All inclusive  Asistencia al viajero  Desde USD 1.980 Tarifas por persona en base doble habitaci\u00f3n est\u00e1ndar expresadas en d\u00f3lares estadounidenses sujetas a disponibilidad y modificaci\u00f3n no incluyen percepci\u00f3n del 5% por pago en efectivo ni RG 3819 por pago en pesos argentinos.  *\u00daLTIMOS LUGARES CON CUPOS CONFIRMADOS","og_url":"https:\/\/weltviajes.tur.ar\/index.php\/product\/marzo-en-republica-dominicana\/","og_site_name":"Welt Viajes","article_modified_time":"2025-08-01T13:55:20+00:00","og_image":[{"width":1080,"height":1080,"url":"https:\/\/weltviajes.tur.ar\/wp-content\/uploads\/2024\/08\/Portada-Bayahibe.png","type":"image\/png"}],"twitter_card":"summary_large_image","twitter_misc":{"Tiempo de lectura":"1 minuto"},"schema":{"@context":"https:\/\/schema.org","@graph":[{"@type":"WebPage","@id":"https:\/\/weltviajes.tur.ar\/index.php\/product\/marzo-en-republica-dominicana\/","url":"https:\/\/weltviajes.tur.ar\/index.php\/product\/marzo-en-republica-dominicana\/","name":"BAYAHIBE - Welt Viajes","isPartOf":{"@id":"https:\/\/weltviajes.tur.ar\/#website"},"primaryImageOfPage":{"@id":"https:\/\/weltviajes.tur.ar\/index.php\/product\/marzo-en-republica-dominicana\/#primaryimage"},"image":{"@id":"https:\/\/weltviajes.tur.ar\/index.php\/product\/marzo-en-republica-dominicana\/#primaryimage"},"thumbnailUrl":"https:\/\/weltviajes.tur.ar\/wp-content\/uploads\/2024\/08\/Portada-Bayahibe.png","datePublished":"2025-03-11T18:38:15+00:00","dateModified":"2025-08-01T13:55:20+00:00","breadcrumb":{"@id":"https:\/\/weltviajes.tur.ar\/index.php\/product\/marzo-en-republica-dominicana\/#breadcrumb"},"inLanguage":"es","potentialAction":[{"@type":"ReadAction","target":["https:\/\/weltviajes.tur.ar\/index.php\/product\/marzo-en-republica-dominicana\/"]}]},{"@type":"ImageObject","inLanguage":"es","@id":"https:\/\/weltviajes.tur.ar\/index.php\/product\/marzo-en-republica-dominicana\/#primaryimage","url":"https:\/\/weltviajes.tur.ar\/wp-content\/uploads\/2024\/08\/Portada-Bayahibe.png","contentUrl":"https:\/\/weltviajes.tur.ar\/wp-content\/uploads\/2024\/08\/Portada-Bayahibe.png","width":1080,"height":1080},{"@type":"BreadcrumbList","@id":"https:\/\/weltviajes.tur.ar\/index.php\/product\/marzo-en-republica-dominicana\/#breadcrumb","itemListElement":[{"@type":"ListItem","position":1,"name":"Portada","item":"https:\/\/weltviajes.tur.ar\/"},{"@type":"ListItem","position":2,"name":"Tienda","item":"https:\/\/weltviajes.tur.ar\/index.php\/tienda\/"},{"@type":"ListItem","position":3,"name":"BAYAHIBE"}]},{"@type":"WebSite","@id":"https:\/\/weltviajes.tur.ar\/#website","url":"https:\/\/weltviajes.tur.ar\/","name":"Welt Viajes","description":"Viajes y Turismo","potentialAction":[{"@type":"SearchAction","target":{"@type":"EntryPoint","urlTemplate":"https:\/\/weltviajes.tur.ar\/?s={search_term_string}"},"query-input":{"@type":"PropertyValueSpecification","valueRequired":true,"valueName":"search_term_string"}}],"inLanguage":"es"}]}},"_links":{"self":[{"href":"https:\/\/weltviajes.tur.ar\/index.php\/wp-json\/wp\/v2\/product\/2531","targetHints":{"allow":["GET"]}}],"collection":[{"href":"https:\/\/weltviajes.tur.ar\/index.php\/wp-json\/wp\/v2\/product"}],"about":[{"href":"https:\/\/weltviajes.tur.ar\/index.php\/wp-json\/wp\/v2\/types\/product"}],"replies":[{"embeddable":true,"href":"https:\/\/weltviajes.tur.ar\/index.php\/wp-json\/wp\/v2\/comments?post=2531"}],"wp:featuredmedia":[{"embeddable":true,"href":"https:\/\/weltviajes.tur.ar\/index.php\/wp-json\/wp\/v2\/media\/2417"}],"wp:attachment":[{"href":"https:\/\/weltviajes.tur.ar\/index.php\/wp-json\/wp\/v2\/media?parent=2531"}],"wp:term":[{"taxonomy":"product_brand","embeddable":true,"href":"https:\/\/weltviajes.tur.ar\/index.php\/wp-json\/wp\/v2\/product_brand?post=2531"},{"taxonomy":"product_cat","embeddable":true,"href":"https:\/\/weltviajes.tur.ar\/index.php\/wp-json\/wp\/v2\/product_cat?post=2531"},{"taxonomy":"product_tag","embeddable":true,"href":"https:\/\/weltviajes.tur.ar\/index.php\/wp-json\/wp\/v2\/product_tag?post=2531"}],"curies":[{"name":"wp","href":"https:\/\/api.w.org\/{rel}","templated":true}]}}