{"id":2366,"date":"2024-04-22T16:23:44","date_gmt":"2024-04-22T19:23:44","guid":{"rendered":"https:\/\/weltviajes.tur.ar\/?post_type=product&#038;p=2366"},"modified":"2024-04-22T16:23:44","modified_gmt":"2024-04-22T19:23:44","slug":"protegido-siempre","status":"publish","type":"product","link":"https:\/\/weltviajes.tur.ar\/index.php\/product\/protegido-siempre\/","title":{"rendered":"Protegido SIEMPRE"},"content":{"rendered":"<p>La asistencia al viajero es un servicio que brinda ayuda y protecci\u00f3n durante tu viaje. Es importante contratarla porque proporciona tranquilidad y seguridad adicional ante imprevistos m\u00e9dicos, p\u00e9rdida de equipaje, vuelos demorados o cancelados, entre otros contratiempos comunes que se puedan presentar durante tu viaje. Ofrecemos cobertura nacional, regional y mundial, no dudes en consultarnos!!<\/p>\n<p><span style=\"color: #339966\"><strong>WhatsApp<\/strong><\/span> 11-4031-7728 | 11-5494-5026 | 11-5488-8184\u00a0 \u00a0<span style=\"color: #3366ff\"><strong>Email<\/strong><\/span> weltviajes@gmail.com<\/p>\n","protected":false},"excerpt":{"rendered":"<p>Queremos estar ah\u00ed siempre que nos necesites para hacer de tu viaje la mejor experiencia<\/p>\n<p>Contrata con nosotros la mejor Asistencia al Viajero.<\/p>\n<p>Cobertura nacional, regional y mundial con m\u00f3dulo COVID-19 incluido.<\/p>\n<p><span style=\"color: #ffffff\">AAAAAAAAAAAAAAA<\/span><\/p>\n","protected":false},"featured_media":2367,"comment_status":"closed","ping_status":"closed","template":"","meta":{"_et_pb_use_builder":"","_et_pb_old_content":"","_et_gb_content_width":""},"product_brand":[],"product_cat":[18,19,22,21,20],"product_tag":[],"class_list":{"0":"post-2366","1":"product","2":"type-product","3":"status-publish","4":"has-post-thumbnail","6":"product_cat-argentina","7":"product_cat-centroamerica","8":"product_cat-europa","9":"product_cat-sudamerica","10":"product_cat-usa-y-canada","12":"first","13":"instock","14":"product-type-simple"},"yoast_head":"<!-- This site is optimized with the Yoast SEO plugin v26.5 - https:\/\/yoast.com\/wordpress\/plugins\/seo\/ -->\n<title>Protegido SIEMPRE - Welt Viajes<\/title>\n<meta name=\"robots\" content=\"index, follow, max-snippet:-1, max-image-preview:large, max-video-preview:-1\" \/>\n<link rel=\"canonical\" href=\"https:\/\/weltviajes.tur.ar\/index.php\/product\/protegido-siempre\/\" \/>\n<meta property=\"og:locale\" content=\"es_ES\" \/>\n<meta property=\"og:type\" content=\"article\" \/>\n<meta property=\"og:title\" content=\"Protegido SIEMPRE - Welt Viajes\" \/>\n<meta property=\"og:description\" content=\"Queremos estar ah\u00ed siempre que nos necesites para hacer de tu viaje la mejor experiencia  Contrata con nosotros la mejor Asistencia al Viajero.  Cobertura nacional, regional y mundial con m\u00f3dulo COVID-19 incluido.  AAAAAAAAAAAAAAA\" \/>\n<meta property=\"og:url\" content=\"https:\/\/weltviajes.tur.ar\/index.php\/product\/protegido-siempre\/\" \/>\n<meta property=\"og:site_name\" content=\"Welt Viajes\" \/>\n<meta property=\"og:image\" content=\"https:\/\/weltviajes.tur.ar\/wp-content\/uploads\/2024\/04\/Protegido-Siempre.png\" \/>\n\t<meta property=\"og:image:width\" content=\"1080\" \/>\n\t<meta property=\"og:image:height\" content=\"1080\" \/>\n\t<meta property=\"og:image:type\" content=\"image\/png\" \/>\n<meta name=\"twitter:card\" content=\"summary_large_image\" \/>\n<meta name=\"twitter:label1\" content=\"Tiempo de lectura\" \/>\n\t<meta name=\"twitter:data1\" content=\"1 minuto\" \/>\n<script type=\"application\/ld+json\" class=\"yoast-schema-graph\">{\"@context\":\"https:\/\/schema.org\",\"@graph\":[{\"@type\":\"WebPage\",\"@id\":\"https:\/\/weltviajes.tur.ar\/index.php\/product\/protegido-siempre\/\",\"url\":\"https:\/\/weltviajes.tur.ar\/index.php\/product\/protegido-siempre\/\",\"name\":\"Protegido SIEMPRE - Welt Viajes\",\"isPartOf\":{\"@id\":\"https:\/\/weltviajes.tur.ar\/#website\"},\"primaryImageOfPage\":{\"@id\":\"https:\/\/weltviajes.tur.ar\/index.php\/product\/protegido-siempre\/#primaryimage\"},\"image\":{\"@id\":\"https:\/\/weltviajes.tur.ar\/index.php\/product\/protegido-siempre\/#primaryimage\"},\"thumbnailUrl\":\"https:\/\/weltviajes.tur.ar\/wp-content\/uploads\/2024\/04\/Protegido-Siempre.png\",\"datePublished\":\"2024-04-22T19:23:44+00:00\",\"breadcrumb\":{\"@id\":\"https:\/\/weltviajes.tur.ar\/index.php\/product\/protegido-siempre\/#breadcrumb\"},\"inLanguage\":\"es\",\"potentialAction\":[{\"@type\":\"ReadAction\",\"target\":[\"https:\/\/weltviajes.tur.ar\/index.php\/product\/protegido-siempre\/\"]}]},{\"@type\":\"ImageObject\",\"inLanguage\":\"es\",\"@id\":\"https:\/\/weltviajes.tur.ar\/index.php\/product\/protegido-siempre\/#primaryimage\",\"url\":\"https:\/\/weltviajes.tur.ar\/wp-content\/uploads\/2024\/04\/Protegido-Siempre.png\",\"contentUrl\":\"https:\/\/weltviajes.tur.ar\/wp-content\/uploads\/2024\/04\/Protegido-Siempre.png\",\"width\":1080,\"height\":1080},{\"@type\":\"BreadcrumbList\",\"@id\":\"https:\/\/weltviajes.tur.ar\/index.php\/product\/protegido-siempre\/#breadcrumb\",\"itemListElement\":[{\"@type\":\"ListItem\",\"position\":1,\"name\":\"Portada\",\"item\":\"https:\/\/weltviajes.tur.ar\/\"},{\"@type\":\"ListItem\",\"position\":2,\"name\":\"Tienda\",\"item\":\"https:\/\/weltviajes.tur.ar\/index.php\/tienda\/\"},{\"@type\":\"ListItem\",\"position\":3,\"name\":\"Protegido SIEMPRE\"}]},{\"@type\":\"WebSite\",\"@id\":\"https:\/\/weltviajes.tur.ar\/#website\",\"url\":\"https:\/\/weltviajes.tur.ar\/\",\"name\":\"Welt Viajes\",\"description\":\"Viajes y Turismo\",\"potentialAction\":[{\"@type\":\"SearchAction\",\"target\":{\"@type\":\"EntryPoint\",\"urlTemplate\":\"https:\/\/weltviajes.tur.ar\/?s={search_term_string}\"},\"query-input\":{\"@type\":\"PropertyValueSpecification\",\"valueRequired\":true,\"valueName\":\"search_term_string\"}}],\"inLanguage\":\"es\"}]}<\/script>\n<!-- \/ Yoast SEO plugin. -->","yoast_head_json":{"title":"Protegido SIEMPRE - Welt Viajes","robots":{"index":"index","follow":"follow","max-snippet":"max-snippet:-1","max-image-preview":"max-image-preview:large","max-video-preview":"max-video-preview:-1"},"canonical":"https:\/\/weltviajes.tur.ar\/index.php\/product\/protegido-siempre\/","og_locale":"es_ES","og_type":"article","og_title":"Protegido SIEMPRE - Welt Viajes","og_description":"Queremos estar ah\u00ed siempre que nos necesites para hacer de tu viaje la mejor experiencia  Contrata con nosotros la mejor Asistencia al Viajero.  Cobertura nacional, regional y mundial con m\u00f3dulo COVID-19 incluido.  AAAAAAAAAAAAAAA","og_url":"https:\/\/weltviajes.tur.ar\/index.php\/product\/protegido-siempre\/","og_site_name":"Welt Viajes","og_image":[{"width":1080,"height":1080,"url":"https:\/\/weltviajes.tur.ar\/wp-content\/uploads\/2024\/04\/Protegido-Siempre.png","type":"image\/png"}],"twitter_card":"summary_large_image","twitter_misc":{"Tiempo de lectura":"1 minuto"},"schema":{"@context":"https:\/\/schema.org","@graph":[{"@type":"WebPage","@id":"https:\/\/weltviajes.tur.ar\/index.php\/product\/protegido-siempre\/","url":"https:\/\/weltviajes.tur.ar\/index.php\/product\/protegido-siempre\/","name":"Protegido SIEMPRE - Welt Viajes","isPartOf":{"@id":"https:\/\/weltviajes.tur.ar\/#website"},"primaryImageOfPage":{"@id":"https:\/\/weltviajes.tur.ar\/index.php\/product\/protegido-siempre\/#primaryimage"},"image":{"@id":"https:\/\/weltviajes.tur.ar\/index.php\/product\/protegido-siempre\/#primaryimage"},"thumbnailUrl":"https:\/\/weltviajes.tur.ar\/wp-content\/uploads\/2024\/04\/Protegido-Siempre.png","datePublished":"2024-04-22T19:23:44+00:00","breadcrumb":{"@id":"https:\/\/weltviajes.tur.ar\/index.php\/product\/protegido-siempre\/#breadcrumb"},"inLanguage":"es","potentialAction":[{"@type":"ReadAction","target":["https:\/\/weltviajes.tur.ar\/index.php\/product\/protegido-siempre\/"]}]},{"@type":"ImageObject","inLanguage":"es","@id":"https:\/\/weltviajes.tur.ar\/index.php\/product\/protegido-siempre\/#primaryimage","url":"https:\/\/weltviajes.tur.ar\/wp-content\/uploads\/2024\/04\/Protegido-Siempre.png","contentUrl":"https:\/\/weltviajes.tur.ar\/wp-content\/uploads\/2024\/04\/Protegido-Siempre.png","width":1080,"height":1080},{"@type":"BreadcrumbList","@id":"https:\/\/weltviajes.tur.ar\/index.php\/product\/protegido-siempre\/#breadcrumb","itemListElement":[{"@type":"ListItem","position":1,"name":"Portada","item":"https:\/\/weltviajes.tur.ar\/"},{"@type":"ListItem","position":2,"name":"Tienda","item":"https:\/\/weltviajes.tur.ar\/index.php\/tienda\/"},{"@type":"ListItem","position":3,"name":"Protegido SIEMPRE"}]},{"@type":"WebSite","@id":"https:\/\/weltviajes.tur.ar\/#website","url":"https:\/\/weltviajes.tur.ar\/","name":"Welt Viajes","description":"Viajes y Turismo","potentialAction":[{"@type":"SearchAction","target":{"@type":"EntryPoint","urlTemplate":"https:\/\/weltviajes.tur.ar\/?s={search_term_string}"},"query-input":{"@type":"PropertyValueSpecification","valueRequired":true,"valueName":"search_term_string"}}],"inLanguage":"es"}]}},"_links":{"self":[{"href":"https:\/\/weltviajes.tur.ar\/index.php\/wp-json\/wp\/v2\/product\/2366","targetHints":{"allow":["GET"]}}],"collection":[{"href":"https:\/\/weltviajes.tur.ar\/index.php\/wp-json\/wp\/v2\/product"}],"about":[{"href":"https:\/\/weltviajes.tur.ar\/index.php\/wp-json\/wp\/v2\/types\/product"}],"replies":[{"embeddable":true,"href":"https:\/\/weltviajes.tur.ar\/index.php\/wp-json\/wp\/v2\/comments?post=2366"}],"wp:featuredmedia":[{"embeddable":true,"href":"https:\/\/weltviajes.tur.ar\/index.php\/wp-json\/wp\/v2\/media\/2367"}],"wp:attachment":[{"href":"https:\/\/weltviajes.tur.ar\/index.php\/wp-json\/wp\/v2\/media?parent=2366"}],"wp:term":[{"taxonomy":"product_brand","embeddable":true,"href":"https:\/\/weltviajes.tur.ar\/index.php\/wp-json\/wp\/v2\/product_brand?post=2366"},{"taxonomy":"product_cat","embeddable":true,"href":"https:\/\/weltviajes.tur.ar\/index.php\/wp-json\/wp\/v2\/product_cat?post=2366"},{"taxonomy":"product_tag","embeddable":true,"href":"https:\/\/weltviajes.tur.ar\/index.php\/wp-json\/wp\/v2\/product_tag?post=2366"}],"curies":[{"name":"wp","href":"https:\/\/api.w.org\/{rel}","templated":true}]}}